{"id":13128,"date":"2026-01-14T13:12:50","date_gmt":"2026-01-14T12:12:50","guid":{"rendered":"https:\/\/skyinnov.fr\/about-us\/"},"modified":"2026-03-12T11:13:45","modified_gmt":"2026-03-12T10:13:45","slug":"about-us","status":"publish","type":"page","link":"https:\/\/skyinnov.fr\/en\/about-us\/","title":{"rendered":"About us"},"content":{"rendered":"\t\t<div data-elementor-type=\"wp-page\" data-elementor-id=\"13128\" class=\"elementor elementor-13128 elementor-11523\" data-elementor-post-type=\"page\">\n\t\t\t\t<div class=\"elementor-element elementor-element-95399d2 e-flex e-con-boxed e-con e-parent\" data-id=\"95399d2\" data-element_type=\"container\" data-e-type=\"container\" data-settings=\"{&quot;background_background&quot;:&quot;classic&quot;}\">\n\t\t\t\t\t<div class=\"e-con-inner\">\n\t\t\t\t<div class=\"elementor-element elementor-element-24be673 elementor-widget__width-initial elementor-widget elementor-widget-heading\" data-id=\"24be673\" data-element_type=\"widget\" data-e-type=\"widget\" data-widget_type=\"heading.default\">\n\t\t\t\t\t<h1 class=\"elementor-heading-title elementor-size-default\">About SKYINNOV<\/h1>\t\t\t\t<\/div>\n\t\t\t\t<div class=\"elementor-element elementor-element-a4b89d3 elementor-widget__width-initial elementor-widget elementor-widget-text-editor\" data-id=\"a4b89d3\" data-element_type=\"widget\" data-e-type=\"widget\" data-widget_type=\"text-editor.default\">\n\t\t\t\t\t\t\t\t\t<p>Skyinnov designs and markets professional equipment dedicated to drones, with the aim of meeting the technical needs of remote pilots, companies and players in modern agriculture.<\/p>\t\t\t\t\t\t\t\t<\/div>\n\t\t\t\t<div class=\"elementor-element elementor-element-1dd1c0b elementor-widget__width-inherit elementor-widget elementor-widget-button\" data-id=\"1dd1c0b\" data-element_type=\"widget\" data-e-type=\"widget\" data-widget_type=\"button.default\">\n\t\t\t\t\t\t\t\t\t\t<a class=\"elementor-button elementor-button-link elementor-size-sm\" href=\"https:\/\/skyinnov.fr\/en\/product-category\/cleaning-drone\/\">\n\t\t\t\t\t\t<span class=\"elementor-button-content-wrapper\">\n\t\t\t\t\t\t<span class=\"elementor-button-icon\">\n\t\t\t\t<svg xmlns=\"http:\/\/www.w3.org\/2000\/svg\" width=\"23.795\" height=\"20.821\" viewBox=\"0 0 23.795 20.821\"><g id=\"drone-front\" transform=\"translate(0 -11.997)\"><path id=\"Path_63\" data-name=\"Path 63\" d=\"M41.847,92.974V90H40.359v1.487H25.487V90H24v2.974h5.205v3.281L26.231,97.91v3.244h1.487V98.783l2.424-1.347h5.563l2.423,1.348v2.37h1.487V97.91l-2.974-1.655V92.974Zm-6.692,2.974H30.692V92.974h4.462Z\" transform=\"translate(-21.026 -68.336)\" fill=\"currentColor\"><\/path><path id=\"Path_64\" data-name=\"Path 64\" d=\"M0,66H7.436v1.487H0Z\" transform=\"translate(0 -47.31)\" fill=\"currentColor\"><\/path><path id=\"Path_65\" data-name=\"Path 65\" d=\"M132,66h7.436v1.487H132Z\" transform=\"translate(-115.641 -47.31)\" fill=\"currentColor\"><\/path><path id=\"Path_66\" data-name=\"Path 66\" d=\"M73.713,36a4.448,4.448,0,0,0-3.153,1.309l1.051,1.051a2.97,2.97,0,0,1,4.2,0l1.051-1.051A4.448,4.448,0,0,0,73.713,36Z\" transform=\"translate(-61.815 -21.028)\" fill=\"currentColor\"><\/path><path id=\"Path_67\" data-name=\"Path 67\" d=\"M53.592,14.178l1.051,1.051a5.94,5.94,0,0,1,8.409,0L64.1,14.178a7.424,7.424,0,0,0-10.512,0Z\" transform=\"translate(-46.95)\" fill=\"currentColor\"><\/path><\/g><\/svg>\t\t\t<\/span>\n\t\t\t\t\t\t\t\t\t<span class=\"elementor-button-text\">Access our products<\/span>\n\t\t\t\t\t<\/span>\n\t\t\t\t\t<\/a>\n\t\t\t\t\t\t\t\t<\/div>\n\t\t\t\t\t<\/div>\n\t\t\t\t<\/div>\n\t\t<div class=\"elementor-element elementor-element-8543af4 e-flex e-con-boxed e-con e-parent\" data-id=\"8543af4\" data-element_type=\"container\" data-e-type=\"container\">\n\t\t\t\t\t<div class=\"e-con-inner\">\n\t\t<div class=\"elementor-element elementor-element-f020539 e-con-full e-flex e-con e-child\" data-id=\"f020539\" data-element_type=\"container\" data-e-type=\"container\">\n\t\t\t\t<div class=\"elementor-element elementor-element-6d77595 elementor-widget elementor-widget-title-duotone\" data-id=\"6d77595\" data-element_type=\"widget\" data-e-type=\"widget\" data-aos=\"fade-right\" data-widget_type=\"title-duotone.default\">\n\t\t\t\t<div class=\"elementor-widget-container\">\n\t\t\t\t\t<h2 class=\"lezards-title-duotone\">Workshop in France for the design and manufacture <span class=\"duotone\">of professional drone equipment<\/span><\/h2>\t\t\t\t<\/div>\n\t\t\t\t<\/div>\n\t\t\t\t<div class=\"elementor-element elementor-element-b98ce4c elementor-widget elementor-widget-text-editor\" data-id=\"b98ce4c\" data-element_type=\"widget\" data-e-type=\"widget\" data-aos=\"fade-right\" data-aos-delay=\"50\" data-widget_type=\"text-editor.default\">\n\t\t\t\t\t\t\t\t\t<p>Skyinnov is a French company specialized in the design and manufacture of drone equipment for professional use. Under the direction of Anthony Simon, Skyinnov combines expertise in mechanics, electronics and piloting to design professional-quality drones and payloads for remote pilots. <\/p><p>Skyinnov develops solutions in the following sectors:  <\/p>\t\t\t\t\t\t\t\t<\/div>\n\t\t\t\t<div class=\"elementor-element elementor-element-87d5ea5 elementor-widget elementor-widget-text-editor\" data-id=\"87d5ea5\" data-element_type=\"widget\" data-e-type=\"widget\" data-aos=\"fade-left\" data-widget_type=\"text-editor.default\">\n\t\t\t\t\t\t\t\t\t<ul><li><p>System for <a href=\"https:\/\/skyinnov.fr\/en\/expertise-trichogramme-spreader\/\"><strong><span style=\"text-decoration: underline;\">trichogramma release by drone<\/span><\/strong><\/a><\/p><\/li><li><p>Drone spraying <a href=\"https:\/\/skyinnov.fr\/en\/expertise-sprayer\/\"><span style=\"text-decoration: underline;\"><strong>spraying system<\/strong><\/span><\/a><\/p><\/li><li><p>Electronic <a href=\"https:\/\/skyinnov.fr\/en\/expertise-electronic-reporting\/\"><span style=\"text-decoration: underline;\"><strong>for UAVs<\/strong><\/span><\/a><\/p><\/li><\/ul>\t\t\t\t\t\t\t\t<\/div>\n\t\t\t\t<\/div>\n\t\t\t\t<div class=\"elementor-element elementor-element-34486c8 elementor-widget__width-initial elementor-widget elementor-widget-image\" data-id=\"34486c8\" data-element_type=\"widget\" data-e-type=\"widget\" data-widget_type=\"image.default\">\n\t\t\t\t\t\t\t\t\t\t\t\t\t\t\t<img loading=\"lazy\" decoding=\"async\" width=\"768\" height=\"1024\" src=\"https:\/\/skyinnov.fr\/wp-content\/uploads\/2026\/02\/skyinnov-atelier-Skyinnov-atelier14-14-768x1024.webp\" class=\"attachment-large size-large wp-image-13611\" alt=\"\" srcset=\"https:\/\/skyinnov.fr\/wp-content\/uploads\/2026\/02\/skyinnov-atelier-Skyinnov-atelier14-14-768x1024.webp 768w, https:\/\/skyinnov.fr\/wp-content\/uploads\/2026\/02\/skyinnov-atelier-Skyinnov-atelier14-14-225x300.webp 225w, https:\/\/skyinnov.fr\/wp-content\/uploads\/2026\/02\/skyinnov-atelier-Skyinnov-atelier14-14-1152x1536.webp 1152w, https:\/\/skyinnov.fr\/wp-content\/uploads\/2026\/02\/skyinnov-atelier-Skyinnov-atelier14-14-1000x1333.webp 1000w, https:\/\/skyinnov.fr\/wp-content\/uploads\/2026\/02\/skyinnov-atelier-Skyinnov-atelier14-14.webp 1440w\" sizes=\"auto, (max-width: 768px) 100vw, 768px\" title=\"\">\t\t\t\t\t\t\t\t\t\t\t\t\t\t\t<\/div>\n\t\t\t\t\t<\/div>\n\t\t\t\t<\/div>\n\t\t<div class=\"elementor-element elementor-element-ebf2c6d e-flex e-con-boxed e-con e-parent\" data-id=\"ebf2c6d\" data-element_type=\"container\" data-e-type=\"container\" data-settings=\"{&quot;background_background&quot;:&quot;classic&quot;}\">\n\t\t\t\t\t<div class=\"e-con-inner\">\n\t\t<div class=\"elementor-element elementor-element-b8ece55 e-con-full e-flex e-con e-child\" data-id=\"b8ece55\" data-element_type=\"container\" data-e-type=\"container\">\n\t\t\t\t<div class=\"elementor-element elementor-element-51da266 elementor-widget elementor-widget-title-duotone\" data-id=\"51da266\" data-element_type=\"widget\" data-e-type=\"widget\" data-aos=\"fade-right\" data-widget_type=\"title-duotone.default\">\n\t\t\t\t<div class=\"elementor-widget-container\">\n\t\t\t\t\t<h2 class=\"lezards-title-duotone\">Skyinnov <span class=\"duotone\">manages the entire development cycle of its products.<\/span><\/h2>\t\t\t\t<\/div>\n\t\t\t\t<\/div>\n\t\t\t\t<\/div>\n\t\t<div class=\"elementor-element elementor-element-e8f5548 e-con-full e-flex e-con e-child\" data-id=\"e8f5548\" data-element_type=\"container\" data-e-type=\"container\">\n\t\t\t\t<div class=\"elementor-element elementor-element-38ddb10 elementor-widget elementor-widget-text-editor\" data-id=\"38ddb10\" data-element_type=\"widget\" data-e-type=\"widget\" data-aos=\"fade-left\" data-widget_type=\"text-editor.default\">\n\t\t\t\t\t\t\t\t\t<ul><li><p>Study and specifications<\/p><\/li><li><p>Precision mechanics &amp; electronics<\/p><\/li><li><p>Prototyping and optimization<\/p><\/li><li><p>Testing in real-life conditions<\/p><\/li><li><p>Production tailored to customer needs<\/p><\/li><li>Remote pilot training<\/li><\/ul>\t\t\t\t\t\t\t\t<\/div>\n\t\t\t\t<\/div>\n\t\t\t\t\t<\/div>\n\t\t\t\t<\/div>\n\t\t<div class=\"elementor-element elementor-element-5db050f e-flex e-con-boxed e-con e-parent\" data-id=\"5db050f\" data-element_type=\"container\" data-e-type=\"container\">\n\t\t\t\t\t<div class=\"e-con-inner\">\n\t\t\t\t<div class=\"elementor-element elementor-element-2533a08 elementor-widget elementor-widget-image-carousel\" data-id=\"2533a08\" data-element_type=\"widget\" data-e-type=\"widget\" data-settings=\"{&quot;slides_to_show&quot;:&quot;4&quot;,&quot;slides_to_show_laptop&quot;:&quot;3&quot;,&quot;slides_to_show_tablet&quot;:&quot;3&quot;,&quot;slides_to_show_mobile&quot;:&quot;1&quot;,&quot;slides_to_scroll&quot;:&quot;1&quot;,&quot;navigation&quot;:&quot;none&quot;,&quot;autoplay_speed&quot;:4000,&quot;autoplay&quot;:&quot;yes&quot;,&quot;infinite&quot;:&quot;yes&quot;,&quot;speed&quot;:500,&quot;image_spacing_custom&quot;:{&quot;unit&quot;:&quot;px&quot;,&quot;size&quot;:20,&quot;sizes&quot;:[]},&quot;image_spacing_custom_laptop&quot;:{&quot;unit&quot;:&quot;px&quot;,&quot;size&quot;:&quot;&quot;,&quot;sizes&quot;:[]},&quot;image_spacing_custom_tablet&quot;:{&quot;unit&quot;:&quot;px&quot;,&quot;size&quot;:&quot;&quot;,&quot;sizes&quot;:[]}}\" data-widget_type=\"image-carousel.default\">\n\t\t\t\t\t\t\t<div class=\"elementor-image-carousel-wrapper swiper\" role=\"region\" aria-roledescription=\"carousel\" aria-label=\"Carrousel d\u2019images\" dir=\"ltr\">\n\t\t\t<div class=\"elementor-image-carousel swiper-wrapper\" aria-live=\"off\">\n\t\t\t\t\t\t\t\t<div class=\"swiper-slide\" role=\"group\" aria-roledescription=\"slide\" aria-label=\"1 of 9\"><figure class=\"swiper-slide-inner\"><img decoding=\"async\" class=\"swiper-slide-image\" src=\"https:\/\/skyinnov.fr\/wp-content\/uploads\/2026\/02\/skyinnov-atelier-Skyinnov-atelier10-10-768x1126.webp\" alt=\"skyinnov - atelier - Skyinnov-atelier10 - 10\" title=\"\"><\/figure><\/div><div class=\"swiper-slide\" role=\"group\" aria-roledescription=\"slide\" aria-label=\"2 of 9\"><figure class=\"swiper-slide-inner\"><img decoding=\"async\" class=\"swiper-slide-image\" src=\"https:\/\/skyinnov.fr\/wp-content\/uploads\/2022\/01\/skyinnov-pcb1-768x432.jpg\" alt=\"skyinnov-pcb1\" title=\"\"><\/figure><\/div><div class=\"swiper-slide\" role=\"group\" aria-roledescription=\"slide\" aria-label=\"3 of 9\"><figure class=\"swiper-slide-inner\"><img decoding=\"async\" class=\"swiper-slide-image\" src=\"https:\/\/skyinnov.fr\/wp-content\/uploads\/2026\/02\/skyinnov-atelier-Skyinnov-atelier6-06-768x1055.webp\" alt=\"skyinnov - atelier - Skyinnov-atelier6 - 06\" title=\"\"><\/figure><\/div><div class=\"swiper-slide\" role=\"group\" aria-roledescription=\"slide\" aria-label=\"4 of 9\"><figure class=\"swiper-slide-inner\"><img decoding=\"async\" class=\"swiper-slide-image\" src=\"https:\/\/skyinnov.fr\/wp-content\/uploads\/2024\/03\/detail-drone-pulverisateur-3-768x768.jpg\" alt=\"{&quot;order_id&quot;: &quot;3276df58-11d1-4430-b724-e7e1640bb38f&quot;, &quot;image_id&quot;: &quot;5904465b-990b-4575-bdb7-18f3c4b78676&quot;}\" title=\"\"><\/figure><\/div><div class=\"swiper-slide\" role=\"group\" aria-roledescription=\"slide\" aria-label=\"5 of 9\"><figure class=\"swiper-slide-inner\"><img decoding=\"async\" class=\"swiper-slide-image\" src=\"https:\/\/skyinnov.fr\/wp-content\/uploads\/2026\/02\/skyinnov-atelier-Skyinnov-atelier12-12-768x1024.webp\" alt=\"skyinnov - atelier - Skyinnov-atelier12 - 12\" title=\"\"><\/figure><\/div><div class=\"swiper-slide\" role=\"group\" aria-roledescription=\"slide\" aria-label=\"6 of 9\"><figure class=\"swiper-slide-inner\"><img decoding=\"async\" class=\"swiper-slide-image\" src=\"https:\/\/skyinnov.fr\/wp-content\/uploads\/2024\/03\/detail-drone-pulverisateur-2-768x432.jpg\" alt=\"demo drone de pulv\u00e9risation et sa t\u00e9l\u00e9commande\" title=\"\"><\/figure><\/div><div class=\"swiper-slide\" role=\"group\" aria-roledescription=\"slide\" aria-label=\"7 of 9\"><figure class=\"swiper-slide-inner\"><img decoding=\"async\" class=\"swiper-slide-image\" src=\"https:\/\/skyinnov.fr\/wp-content\/uploads\/2026\/02\/skyinnov-atelier-Skyinnov-atelier4-04-768x1364.webp\" alt=\"skyinnov - atelier - Skyinnov-atelier4 - 04\" title=\"\"><\/figure><\/div><div class=\"swiper-slide\" role=\"group\" aria-roledescription=\"slide\" aria-label=\"8 of 9\"><figure class=\"swiper-slide-inner\"><img decoding=\"async\" class=\"swiper-slide-image\" src=\"https:\/\/skyinnov.fr\/wp-content\/uploads\/2020\/09\/SD20L-2-768x768.jpg\" alt=\"Integrable drone signaling beacon\" title=\"\"><\/figure><\/div><div class=\"swiper-slide\" role=\"group\" aria-roledescription=\"slide\" aria-label=\"9 of 9\"><figure class=\"swiper-slide-inner\"><img decoding=\"async\" class=\"swiper-slide-image\" src=\"https:\/\/skyinnov.fr\/wp-content\/uploads\/2026\/02\/skyinnov-atelier-Skyinnov-atelier9-09-768x1024.webp\" alt=\"skyinnov - atelier - Skyinnov-atelier9 - 09\" title=\"\"><\/figure><\/div>\t\t\t<\/div>\n\t\t\t\t\t\t\t\n\t\t\t\t\t\t\t\t\t<\/div>\n\t\t\t\t\t\t<\/div>\n\t\t\t\t\t<\/div>\n\t\t\t\t<\/div>\n\t\t\t\t<\/div>\n\t\t","protected":false},"excerpt":{"rendered":"<p>About SKYINNOV Skyinnov designs and markets professional equipment dedicated to drones, with the aim of meeting the technical needs of remote pilots, companies and players in modern agriculture. Access our products Workshop in France for the design and manufacture of professional drone equipment Skyinnov is a French company specialized in the design and manufacture of [&hellip;]<\/p>\n","protected":false},"author":2501,"featured_media":0,"parent":0,"menu_order":0,"comment_status":"closed","ping_status":"closed","template":"","meta":{"_acf_changed":false,"footnotes":""},"class_list":["post-13128","page","type-page","status-publish","hentry"],"acf":[],"_links":{"self":[{"href":"https:\/\/skyinnov.fr\/en\/wp-json\/wp\/v2\/pages\/13128","targetHints":{"allow":["GET"]}}],"collection":[{"href":"https:\/\/skyinnov.fr\/en\/wp-json\/wp\/v2\/pages"}],"about":[{"href":"https:\/\/skyinnov.fr\/en\/wp-json\/wp\/v2\/types\/page"}],"author":[{"embeddable":true,"href":"https:\/\/skyinnov.fr\/en\/wp-json\/wp\/v2\/users\/2501"}],"replies":[{"embeddable":true,"href":"https:\/\/skyinnov.fr\/en\/wp-json\/wp\/v2\/comments?post=13128"}],"version-history":[{"count":0,"href":"https:\/\/skyinnov.fr\/en\/wp-json\/wp\/v2\/pages\/13128\/revisions"}],"wp:attachment":[{"href":"https:\/\/skyinnov.fr\/en\/wp-json\/wp\/v2\/media?parent=13128"}],"curies":[{"name":"wp","href":"https:\/\/api.w.org\/{rel}","templated":true}]}}